{"id":125,"date":"2024-08-13T20:37:41","date_gmt":"2024-08-13T18:37:41","guid":{"rendered":"https:\/\/roxpup.fr\/?page_id=125"},"modified":"2025-07-11T09:43:08","modified_gmt":"2025-07-11T07:43:08","slug":"1-adoption-kobal","status":"publish","type":"page","link":"https:\/\/roxpup.fr\/index.php\/1-adoption-kobal\/","title":{"rendered":"Adoption &#8211; Kobal"},"content":{"rendered":"\n<p>\u00ab&nbsp;Voici tous les papiers, revenez dans une semaine pour les signer et valider d\u00e9finitivement l\u2019adoption, apr\u00e8s cette semaine d\u2019adaptation&nbsp;\u00bb dit le responsable des adoptions \u00e0 Kobal.&nbsp;<\/p>\n\n\n\n<p>Rox avance fi\u00e8rement et est tout content de pouvoir \u00eatre dans une niche, enfin !<\/p>\n\n\n\n<p>Durant le trajet, Rox a fait le foufou et Kobal a d\u00fb le reprendre plusieurs fois.&nbsp;<\/p>\n\n\n\n<p>Arriv\u00e9 \u00e0 la niche, Rox a continu\u00e9 d\u2019\u00eatre foufou et a directement saut\u00e9 dans le lit.&nbsp;<\/p>\n\n\n\n<p>\u00ab&nbsp;Ah non les pups c\u2019est par terre ! Enl\u00e8ve tes pattes crasseuses du lit !&nbsp;\u00bb.&nbsp;<\/p>\n\n\n\n<p>Rox se fait brusquement descendre du lit.&nbsp;<\/p>\n\n\n\n<p>\u00ab&nbsp;\u00c0 la douche le pup crasseux&nbsp;!&nbsp;\u00bb.&nbsp;<\/p>\n\n\n\n<p>Rox rentre dans le bac de douche et gigote comme tout petit pup foufou ferait. Kobal savonne bien Rox et Rox adore ces gratouilles.&nbsp;<\/p>\n\n\n\n<p>Il se secoue bien et se fait s\u00e9cher par Kobal.&nbsp;<\/p>\n\n\n\n<p>Arriv\u00e9 dans le salon, Kobal pr\u00e9pare le repas.&nbsp;<\/p>\n\n\n\n<p>Rox qui ne savait plus trop o\u00f9 se mettre s\u2019est assis dans un coin, et n\u2019ose plus bouger.&nbsp;<\/p>\n\n\n\n<p>Quand la gamelle arrive, des odeurs de courgettes et de carottes envahissent les narines de Rox.&nbsp;<\/p>\n\n\n\n<p>Rox n\u2019aime pas les l\u00e9gumes.&nbsp;<\/p>\n\n\n\n<p>Il ne s\u2019approche pas malgr\u00e9 les ordres de Kobal.&nbsp;<\/p>\n\n\n\n<p>Il perd patience et approche la gamelle directement de Rox.&nbsp;<\/p>\n\n\n\n<p>Les yeux doux de Rox n\u2019y font rien, et Kobal est \u00e9puis\u00e9.&nbsp;<\/p>\n\n\n\n<p>\u00ab&nbsp;Eh bien tu n\u2019auras rien !&nbsp;\u00bb<\/p>\n\n\n\n<p>Kobal se sert un yaourt et Rox s\u2019approche cette fois de Kobal, la queue qui remue.&nbsp;<\/p>\n\n\n\n<p>\u00ab&nbsp;Ah non tu n\u2019as pas voulu de tes l\u00e9gumes ! Les yaourts c\u2019est pour les pups qui mangent des l\u00e9gumes.&nbsp;\u00bb<\/p>\n\n\n\n<p>Rox, se sentant puni, se met dans un coin et fait du boudin.&nbsp;<\/p>\n\n\n\n<p>Apr\u00e8s une heure de vaisselle, m\u00e9nage, rangement, Kobal voulait faire des puppouilles \u00e0 son nouveau pup. Rox, tr\u00e8s rancunier, est rest\u00e9 mur\u00e9 dans son coin. Cela rend triste Kobal et Rox se sent mal \u00e0 l\u2019aise aussi.&nbsp;<\/p>\n\n\n\n<p>Rien n\u2019y fait, Kobal regarde un film mais Rox ne vient pas.&nbsp;<\/p>\n\n\n\n<p>Le ventre de Rox commence \u00e0 gargouiller.&nbsp;<\/p>\n\n\n\n<p>Rox a faim.&nbsp;<\/p>\n\n\n\n<p>Rox pleure.&nbsp;<\/p>\n\n\n\n<p>Kobal l\u2019entend et n\u2019arrive plus \u00e0 le supporter. Il prend des c\u00e9r\u00e9ales, y verse du lait et d\u00e9pose la gamelle pr\u00e8s du lit.&nbsp;<\/p>\n\n\n\n<p>Rox s\u2019approche apr\u00e8s quelques minutes, et prend une bouch\u00e9e. Il regarde Kobal, ses petits yeux le remercient.&nbsp;<\/p>\n\n\n\n<p>Rox continue sa gamelle et une fois repu, pose ses pattes sur le bord du lit.&nbsp;<\/p>\n\n\n\n<p>\u00ab&nbsp;Montes !&nbsp;\u00bb<\/p>\n\n\n\n<p>Rox monte dans le lit et se blottit contre Kobal. Le poil de Rox est doux, Kobal y passe ses doigts.&nbsp;<\/p>\n\n\n\n<p>\u00ab&nbsp;Va falloir manger des l\u00e9gumes avec moi. Ce jeu ne fonctionnera pas tous les jours. Je veux un pup de qualit\u00e9. D\u2019ici \u00e0 la fin de semaine je veux que tu manges des l\u00e9gumes !&nbsp;\u00bb<\/p>\n\n\n\n<p>Rox acquiesce machinalement la t\u00eate, malgr\u00e9 le fait que cette d\u00e9claration \u00e9tait catastrophique pour lui.&nbsp;<\/p>\n\n\n\n<p>Rox n\u2019aime pas les l\u00e9gumes.&nbsp;<\/p>\n\n\n\n<p>Kobal et Rox s\u2019endorment devant le film, la main de Kobal sur Rox et la truffe de Rox sur le ventre de Kobal.&nbsp;<\/p>\n\n\n\n<p>Le lendemain matin, Rox \u00e9tait tout \u00e9nergique.&nbsp;<\/p>\n\n\n\n<p>Kobal prend son temps le matin mais Rox \u00e9tait hyper \u00e9nergique.&nbsp;<\/p>\n\n\n\n<p>Toute la journ\u00e9e, Rox aura pris du temps et de l\u2019\u00e9nergie \u00e0 Kobal. Il ne s\u2019arr\u00eatait pas !<\/p>\n\n\n\n<p>Une fois \u00e0 la maison, Kobal se d\u00e9charge des courses.&nbsp;<\/p>\n\n\n\n<p>\u00ab&nbsp;Arr\u00eate de tourner partout poses-toi dans ton panier&nbsp;\u00bb.&nbsp;<\/p>\n\n\n\n<p>Rox ne l\u2019entend pas et continue ses fofoleries dans tout le salon. Rox court partout et s\u2019accroche \u00e0 qqchose, qu\u2019il fait tomber.&nbsp;<\/p>\n\n\n\n<p>\u00ab&nbsp;Rox !&nbsp;\u00bb crie Kobal.&nbsp;<\/p>\n\n\n\n<p>La manette de la console vient de tomber. Rox est plus surpris par le cri de Kobal que par la b\u00eatise elle-m\u00eame.&nbsp;<\/p>\n\n\n\n<p>Kobal, tr\u00e8s \u00e9nerv\u00e9, vient v\u00e9rifier l\u2019\u00e9tat de la manette.&nbsp;<\/p>\n\n\n\n<p>\u00ab&nbsp;Elle est ab\u00eem\u00e9e par ta faute ! Viens la !&nbsp;\u00bb<\/p>\n\n\n\n<p>Rox sait qu\u2019il va se faire punir et s\u2019approche doucement.&nbsp;<\/p>\n\n\n\n<p>Rox se prend une grande claque sur les fesses, le faisant couiner et pars dans son coin.&nbsp;<\/p>\n\n\n\n<p>\u00ab&nbsp;Tu m\u2019\u00e9nerves, je t\u2019ai dit de te calmer !&nbsp;\u00bb<\/p>\n\n\n\n<p>Rox n\u2019a pas boug\u00e9 de la soir\u00e9e de son panier.&nbsp;<\/p>\n\n\n\n<p>Kobal pr\u00e9pare le repas du soir : C\u2019est poulet, riz, haricot.&nbsp;<\/p>\n\n\n\n<p>Kobal pr\u00e9pare pour deux, fusillant du regard par moments Rox, clo\u00eetr\u00e9 dans son coin.&nbsp;<\/p>\n\n\n\n<p>\u00ab&nbsp;Vilain pup&nbsp;\u00bb lance Kobal.&nbsp;<\/p>\n\n\n\n<p>Kobal apporte le repas. Rox s\u2019approche tout doucement.&nbsp;<\/p>\n\n\n\n<p>\u00ab&nbsp;Mange petit pup, tu es beau mais arr\u00eates de faire des b\u00eatises.&nbsp;\u00bb<\/p>\n\n\n\n<p>Rox commence \u00e0 manger sa gamelle, en prenant bien soin de ne pas manger les haricots.&nbsp;<\/p>\n\n\n\n<p>Kobal s\u2019en aper\u00e7oit et s\u2019\u00e9nerve&nbsp;<\/p>\n\n\n\n<p>\u00ab&nbsp;Je ne vais pas faire \u00e0 manger \u00e0 des pups qui ne mangent pas de l\u00e9gumes hein !&nbsp;\u00bb<\/p>\n\n\n\n<p>Rox refuse de manger les haricots et file dans le coin, sachant que Kobal allait \u00eatre \u00e9nerv\u00e9.&nbsp;<\/p>\n\n\n\n<p>Kobal finit les haricots de Rox, fait la vaisselle et file au lit.&nbsp;<\/p>\n\n\n\n<p>Rox tente de monter dans le lit mais Kobal l\u2019arr\u00eate.&nbsp;<\/p>\n\n\n\n<p>\u00ab&nbsp;Le lit est r\u00e9serv\u00e9 aux pups qui mangent des l\u00e9gumes. Tout comme les pups qui ne mangent pas de l\u00e9gumes n\u2019ont pas le droit aux puppouilles&nbsp;\u00bb.&nbsp;<\/p>\n\n\n\n<p>Cette phrase est re\u00e7ue comme un coup de poignard par Rox.&nbsp;<\/p>\n\n\n\n<p>Rox reste par terre.&nbsp;<\/p>\n\n\n\n<p>Il n\u2019arrive pas \u00e0 dormir, chouine.&nbsp;<\/p>\n\n\n\n<p>Le sol est dur,&nbsp;<\/p>\n\n\n\n<p>Rox est un pup qui a besoin d\u2019attention.&nbsp;<\/p>\n\n\n\n<p>Rox commence \u00e0 \u00eatre malheureux.&nbsp;<\/p>\n\n\n\n<p>Au petit matin, Kobal s\u2019aper\u00e7oit que son pup est moins \u00e9nergique que la veille.&nbsp;<\/p>\n\n\n\n<p>Rox a tr\u00e8s mal dormi et a encore tr\u00e8s mal au c\u0153ur.&nbsp;<\/p>\n\n\n\n<p>Kobal tente de faire des puppouilles \u00e0 Rox, qu\u2019il accepte machinalement mais reste encore tr\u00e8s touch\u00e9 par la d\u00e9claration de la veille. Une absence d\u2019attention est tr\u00e8s mal per\u00e7ue par Rox.&nbsp;<\/p>\n\n\n\n<p>Kobal fait ses affaires et prend le temps, le soir, de faire des activit\u00e9s avec son pup Rox.&nbsp;<\/p>\n\n\n\n<p>Kobal pr\u00e9pare la douche et fait venir son pup.&nbsp;<\/p>\n\n\n\n<p>\u00ab&nbsp;Rox, \u00e0 la douche !&nbsp;\u00bb<\/p>\n\n\n\n<p>Rox arrive, la queue qui remue, car Rox adore les douches.&nbsp;<\/p>\n\n\n\n<p>Kobal savonne fort son pup qui adore, souri, remue la queue et g\u00e9mit de plaisir&nbsp;<\/p>\n\n\n\n<p>\u00ab&nbsp;Ce soir c\u2019est petits pois Rox ! Si tu manges ta gamelle, tu seras un super-good boy ! Tu auras droit \u00e0 plein de puppouilles dans le lit&nbsp;\u00bb<\/p>\n\n\n\n<p>Face \u00e0 un tel dilemme, Rox ne peut qu\u2019accepter ce march\u00e9 qu\u2019il trouve in\u00e9quitable.&nbsp;<\/p>\n\n\n\n<p>Pendant que Rox se s\u00e8che et joue \u00e0 ses jeux, Kobal pr\u00e9pare le repas.&nbsp;<\/p>\n\n\n\n<p>Les gamelles sont servies et Rox vient manger.&nbsp;<\/p>\n\n\n\n<p>Les petits pois sont les l\u00e9gumes les plus tol\u00e9rables par Rox.&nbsp;<\/p>\n\n\n\n<p>Rox peine \u00e0 finir son assiette et y arrive.&nbsp;<\/p>\n\n\n\n<p>\u00ab&nbsp;Je suis tr\u00e8s fier de toi mon pup !&nbsp;\u00bb.&nbsp;<\/p>\n\n\n\n<p>La soir\u00e9e se termine par des puppouilles que Rox attendait, il est heureux.&nbsp;<\/p>\n\n\n\n<p>Ses petits yeux p\u00e9tillent&nbsp;<\/p>\n\n\n\n<p>\u00ab&nbsp;Tu as des yeux magnifiques mon pup&nbsp;\u00bb<\/p>\n\n\n\n<p>Rox remue la queue, tout content de plaire \u00e0 son Kobal.&nbsp;<\/p>\n\n\n\n<p>Rox et Kobal s\u2019endorment.&nbsp;<\/p>\n\n\n\n<p>Les deux jours qui suivent sont tr\u00e8s difficiles car Kobal travaille, et Rox met beaucoup de bazar \u00e0 la maison.&nbsp;<\/p>\n\n\n\n<p>Rox refuse les gamelles et commence \u00e0 \u00eatre insupportable pour Kobal.&nbsp;<\/p>\n\n\n\n<p>\u00ab&nbsp;J\u2019en ai marre de toi, je vais te renvoyer au chenil si \u00e7a continue !&nbsp;\u00bb<\/p>\n\n\n\n<p>Ces mots sont tr\u00e8s blessants pour Rox qui pensait plaire \u00e0 Kobal.&nbsp;<\/p>\n\n\n\n<p>Le soir d\u2019apr\u00e8s, Kobal rentre, tr\u00e8s triste.&nbsp;<\/p>\n\n\n\n<p>Il a appris une terrible nouvelle.&nbsp;<\/p>\n\n\n\n<p>Rox est dans son coin et n\u2019a pas fait de b\u00eatises aujourd\u2019hui.&nbsp;<\/p>\n\n\n\n<p>Kobal s\u2019enroule dans son plaid et ne dit mot de la soir\u00e9e.&nbsp;<\/p>\n\n\n\n<p>\u00c0 un moment Rox s\u2019approche de Kobal et lui l\u00e8che la jambe<\/p>\n\n\n\n<p>\u00ab&nbsp;Non Rox va-t\u2019en&nbsp;\u00bb<\/p>\n\n\n\n<p>Rox insiste et pose ses coussinets tout doux sur le bras de Kobal, enl\u00e8ve le plaid et se blottit contre lui pour lui faire un \u00e9norme c\u00e2lin.&nbsp;<\/p>\n\n\n\n<p>Kobal s\u2019y r\u00e9sout, il laisse Rox lui faire un c\u00e2lin et lui rend le c\u00e2lin.&nbsp;<\/p>\n\n\n\n<p>Kobal pleure et Rox continue de le serrer fort entre ses pattes.&nbsp;<\/p>\n\n\n\n<p>\u00ab&nbsp;Rox, mon pup, je suis heureux avec toi. Quoique que tu n\u2019aimes pas les l\u00e9gumes et que tu es tr\u00e8s foufou, je t\u2019aime.&nbsp;\u00bb<\/p>\n\n\n\n<p>Rox est heureux avec son Kobal.&nbsp;<\/p>\n\n\n\n<p>Kobal signe les papiers d\u2019adoption.<\/p>\n\n\n\n<p>Rox est officiellement le pup de compagnie de Kobal.&nbsp;<\/p>\n","protected":false},"excerpt":{"rendered":"<p>\u00ab&nbsp;Voici tous les papiers, revenez dans une semaine pour les signer et valider d\u00e9finitivement l\u2019adoption, apr\u00e8s cette semaine d\u2019adaptation&nbsp;\u00bb dit le responsable des adoptions \u00e0 Kobal.&nbsp; Rox avance fi\u00e8rement et est tout content de pouvoir \u00eatre dans une niche, enfin ! Durant le trajet, Rox a fait le foufou et Kobal a d\u00fb le reprendre [&hellip;]<\/p>\n","protected":false},"author":1,"featured_media":0,"parent":0,"menu_order":0,"comment_status":"closed","ping_status":"closed","template":"","meta":{"_themeisle_gutenberg_block_has_review":false,"footnotes":""},"class_list":["post-125","page","type-page","status-publish","hentry"],"_links":{"self":[{"href":"https:\/\/roxpup.fr\/index.php\/wp-json\/wp\/v2\/pages\/125","targetHints":{"allow":["GET"]}}],"collection":[{"href":"https:\/\/roxpup.fr\/index.php\/wp-json\/wp\/v2\/pages"}],"about":[{"href":"https:\/\/roxpup.fr\/index.php\/wp-json\/wp\/v2\/types\/page"}],"author":[{"embeddable":true,"href":"https:\/\/roxpup.fr\/index.php\/wp-json\/wp\/v2\/users\/1"}],"replies":[{"embeddable":true,"href":"https:\/\/roxpup.fr\/index.php\/wp-json\/wp\/v2\/comments?post=125"}],"version-history":[{"count":3,"href":"https:\/\/roxpup.fr\/index.php\/wp-json\/wp\/v2\/pages\/125\/revisions"}],"predecessor-version":[{"id":141,"href":"https:\/\/roxpup.fr\/index.php\/wp-json\/wp\/v2\/pages\/125\/revisions\/141"}],"wp:attachment":[{"href":"https:\/\/roxpup.fr\/index.php\/wp-json\/wp\/v2\/media?parent=125"}],"curies":[{"name":"wp","href":"https:\/\/api.w.org\/{rel}","templated":true}]}}