{"id":140,"date":"2024-08-13T20:51:23","date_gmt":"2024-08-13T18:51:23","guid":{"rendered":"https:\/\/roxpup.fr\/?page_id=140"},"modified":"2025-07-11T09:44:10","modified_gmt":"2025-07-11T07:44:10","slug":"2-musee-mineralogie-foxam","status":"publish","type":"page","link":"https:\/\/roxpup.fr\/index.php\/2-musee-mineralogie-foxam\/","title":{"rendered":"Mus\u00e9e Min\u00e9ralogie &#8211; Foxam"},"content":{"rendered":"\n<p>Rox arrive tout juste devant le Jardin du Luxembourg. Une grande journ\u00e9e s\u2019annonce.<\/p>\n\n\n\n<p>Le soleil brille, les fontaines \u00e9claboussent l\u2019herbe et la truffe de Foxam appara\u00eet devant la truffe lumineuse de Rox.<\/p>\n\n\n\n<p>Les deux pups s\u2019enlacent, se disent bonjour en se boopant le bout du museau et entament la grande travers\u00e9e du parc. Rox est toujours \u00e9baubi face \u00e0 la beaut\u00e9 du jardin, des fontaines, du ch\u00e2teau et de la nature environnante.<\/p>\n\n\n\n<p>Foxam raconte deux ou trois anecdotes par rapport \u00e0 ce jardin et Rox est tout heureux.<\/p>\n\n\n\n<p>Les deux toutous arrivent enfin devant le mus\u00e9e de Min\u00e9ralogie, l\u2019objet de leur balade d\u2019aujourd\u2019hui. Foxam raconte que, d\u2019apr\u00e8s une l\u00e9gende urbaine, un grand tr\u00e9sor r\u00e9side dans les murs de cet ancien avant-poste des templiers.<\/p>\n\n\n\n<p>Une fois le billet d\u2019entr\u00e9e en poche, les deux aventuriers se lancent \u00e0 la qu\u00eate du chemin des min\u00e9raux.<\/p>\n\n\n\n<p>D\u00e8s le d\u00e9part, d\u2019imposants min\u00e9raux attirent leurs petits yeux p\u00e9tillants.<\/p>\n\n\n\n<p>Rox est attir\u00e9 par l\u2019\u00e9meraude tandis que Foxam regarde les rubis.<\/p>\n\n\n\n<p>Chaque pierre a une histoire et les deux compagnons s\u2019en d\u00e9lectent.<\/p>\n\n\n\n<p>Gypse, dioptases, calcite et le soufre illuminent les couloirs et les vitraux de chaque salle.<\/p>\n\n\n\n<p>Un \u00e9norme morceau de m\u00e9t\u00e9orite, entrepos\u00e9 entre les diamants et l\u2019argent, fait son apparition dans le champ de vision de Foxam. Il se met \u00e0 aboyer et Rox arrive \u00e0 sa hauteur.<\/p>\n\n\n\n<p>Un texte cod\u00e9 figure sur les contours de la st\u00e8le.<\/p>\n\n\n\n<p>Rox tente de d\u00e9chiffrer, en vain.<\/p>\n\n\n\n<p>Foxam, avec ses yeux per\u00e7ants, trouve un bout cartonn\u00e9 coinc\u00e9 dans les moulures d\u2019un des murs. Il pose ce bout contre le code et le massage appara\u00eet : \u00ab&nbsp;hier, aujourd\u2019hui et diamant, il est or de question que les argents de service mettent la main sur le b\u00e9ton, calcaire en soit le prix&nbsp;\u00bb.<\/p>\n\n\n\n<p>Rox et Foxam ne comprennent pas le message tout de suite mais Foxam souligne que le texte est jonch\u00e9 de fautes.<\/p>\n\n\n\n<p>Diamant au lieu de demain<\/p>\n\n\n\n<p>Or au lieu de hors<\/p>\n\n\n\n<p>Argent au lieu de agents<\/p>\n\n\n\n<p>B\u00e9ton au lieu de butin<\/p>\n\n\n\n<p>Calcaire au lieu de quel qu\u2019<\/p>\n\n\n\n<p>Rox est surpris. D\u2019une part par le talent extraordinaire de son beau Foxam, mais aussi par ce qu\u2019il a d\u00e9chiffr\u00e9. Il n\u2019y a que des pierres pr\u00e9cieuses hormis le b\u00e9ton, qui est un m\u00e9lange. Foxam f\u00e9licite \u00e0 son tour son co\u00e9quipier.<\/p>\n\n\n\n<p>Les deux pups cherchent un moyen de trouver la suite de cette \u00e9nigme gr\u00e2ce \u00e0 l\u2019indice \u00ab&nbsp;B\u00e9ton&nbsp;\u00bb.<\/p>\n\n\n\n<p>Foxam d\u00e9signe du coussinet le haut des statues, il y a la lettre B.<\/p>\n\n\n\n<p>En suivant les lettres dans l\u2019ordre de l\u2019indice, Rox et Foxam arrivent en face d\u2019un levier. Rox, t\u00e9m\u00e9raire et courageux, tire de toutes ses forces sur le levier. N\u2019y arrivant pas du premier coup, Rox retire son haut pour faire comme dans tous les films am\u00e9ricains, o\u00f9 les muscles velus de Rox gonflent \u00e0 mesure que le levier est actionn\u00e9. Foxam trouve la sc\u00e8ne rigolote mais n\u2019en perd pas une miette.<\/p>\n\n\n\n<p>Une fois la biblioth\u00e8que ouverte par le levier, Rox et Foxam se retrouvent devant une montagne de cookies et d\u2019os dor\u00e9s.<\/p>\n\n\n\n<p>Ils ont trouv\u00e9 le tr\u00e9sor et s\u2019enlacent fort pour se f\u00e9liciter entre eux.<\/p>\n\n\n\n<p>Rox demande \u00e0 Foxam ce qu\u2019ils pourront bien s\u2019offrir avec tout \u00e7a.<\/p>\n\n\n\n<p>Foxam regarde Rox d\u2019un air coquin et gourmand.<\/p>\n\n\n\n<p>Nous retrouvons Rox et Foxam, autour de la fontaine du Jardin du Luxembourg, en train de manger une bonne glace de leur go\u00fbt pr\u00e9f\u00e9r\u00e9.<\/p>\n\n\n\n<p>Les deux pups semblent \u00eatre repus et repartent dans le jardin \u00e0 se chamailler.<\/p>\n\n\n\n<p>Apr\u00e8s tout, ce ne sont que des chiots.<\/p>\n","protected":false},"excerpt":{"rendered":"<p>Rox arrive tout juste devant le Jardin du Luxembourg. Une grande journ\u00e9e s\u2019annonce. Le soleil brille, les fontaines \u00e9claboussent l\u2019herbe et la truffe de Foxam appara\u00eet devant la truffe lumineuse de Rox. Les deux pups s\u2019enlacent, se disent bonjour en se boopant le bout du museau et entament la grande travers\u00e9e du parc. Rox est [&hellip;]<\/p>\n","protected":false},"author":1,"featured_media":0,"parent":0,"menu_order":0,"comment_status":"closed","ping_status":"closed","template":"","meta":{"_themeisle_gutenberg_block_has_review":false,"footnotes":""},"class_list":["post-140","page","type-page","status-publish","hentry"],"_links":{"self":[{"href":"https:\/\/roxpup.fr\/index.php\/wp-json\/wp\/v2\/pages\/140","targetHints":{"allow":["GET"]}}],"collection":[{"href":"https:\/\/roxpup.fr\/index.php\/wp-json\/wp\/v2\/pages"}],"about":[{"href":"https:\/\/roxpup.fr\/index.php\/wp-json\/wp\/v2\/types\/page"}],"author":[{"embeddable":true,"href":"https:\/\/roxpup.fr\/index.php\/wp-json\/wp\/v2\/users\/1"}],"replies":[{"embeddable":true,"href":"https:\/\/roxpup.fr\/index.php\/wp-json\/wp\/v2\/comments?post=140"}],"version-history":[{"count":3,"href":"https:\/\/roxpup.fr\/index.php\/wp-json\/wp\/v2\/pages\/140\/revisions"}],"predecessor-version":[{"id":144,"href":"https:\/\/roxpup.fr\/index.php\/wp-json\/wp\/v2\/pages\/140\/revisions\/144"}],"wp:attachment":[{"href":"https:\/\/roxpup.fr\/index.php\/wp-json\/wp\/v2\/media?parent=140"}],"curies":[{"name":"wp","href":"https:\/\/api.w.org\/{rel}","templated":true}]}}