{"id":183,"date":"2024-08-19T19:44:44","date_gmt":"2024-08-19T17:44:44","guid":{"rendered":"https:\/\/roxpup.fr\/?page_id=183"},"modified":"2026-02-13T17:16:04","modified_gmt":"2026-02-13T16:16:04","slug":"photos-rox","status":"publish","type":"page","link":"https:\/\/roxpup.fr\/index.php\/photos-rox\/","title":{"rendered":"Photos Rox"},"content":{"rendered":"\n<p>Vous trouverez ci-dessous les collections de photos de Rox.<br>Seuls ou accompagn\u00e9s, n&rsquo;h\u00e9sitez pas \u00e0 lui envoyer un MP sur Instagram pour programmer une s\u00e9ance photo avec lui.<\/p>\n\n\n\n<ul class=\"wp-block-list\">\n<li><a href=\"https:\/\/roxpup.fr\/index.php\/07-2022-rox-aquatique\/\" data-type=\"link\" data-id=\"https:\/\/roxpup.fr\/index.php\/07-2022-rox-aquatique\/\"><span style=\"text-decoration: underline;\">07-2022 Rox Aquatique<\/span><\/a><\/li>\n\n\n\n<li><a href=\"https:\/\/roxpup.fr\/index.php\/08-2022-rox-et-son-copchien\/\" data-type=\"link\" data-id=\"https:\/\/roxpup.fr\/index.php\/08-2022-rox-et-son-copchien\/\"><span style=\"text-decoration: underline;\">08-2022 Rox et son copchien<\/span><\/a><\/li>\n\n\n\n<li><a href=\"https:\/\/roxpup.fr\/index.php\/08-2022-rox-sur-les-bords-de-loire\/\" data-type=\"link\" data-id=\"https:\/\/roxpup.fr\/index.php\/08-2022-rox-sur-les-bords-de-loire\/\"><span style=\"text-decoration: underline;\">08-2022 Rox sur les bords de Loire<\/span><\/a><\/li>\n\n\n\n<li><a href=\"https:\/\/roxpup.fr\/index.php\/09-2022-rox-mark\/\" data-type=\"link\" data-id=\"https:\/\/roxpup.fr\/index.php\/09-2022-rox-mark\/\"><span style=\"text-decoration: underline;\">09-2022 Rox &amp; Mark<\/span><\/a><\/li>\n\n\n\n<li><a href=\"https:\/\/roxpup.fr\/index.php\/09-2022-rox-guiros\/\" data-type=\"link\" data-id=\"https:\/\/roxpup.fr\/index.php\/09-2022-rox-guiros\/\"><span style=\"text-decoration: underline;\">09-2022 Rox &amp; Guiros<\/span><\/a><\/li>\n\n\n\n<li><a href=\"https:\/\/roxpup.fr\/index.php\/10-2022-rox-anniversaire\/\" data-type=\"link\" data-id=\"https:\/\/roxpup.fr\/index.php\/10-2022-rox-anniversaire\/\"><span style=\"text-decoration: underline;\">10-2022 Rox anniversaire<\/span><\/a><\/li>\n\n\n\n<li><a href=\"https:\/\/roxpup.fr\/index.php\/10-2022-rox-cuisine\/\" data-type=\"link\" data-id=\"https:\/\/roxpup.fr\/index.php\/10-2022-rox-cuisine\/\"><span style=\"text-decoration: underline;\">10-2022 Rox cuisine<\/span><\/a><\/li>\n\n\n\n<li><a href=\"https:\/\/roxpup.fr\/index.php\/10-2022-rox-solo\/\" data-type=\"link\" data-id=\"https:\/\/roxpup.fr\/index.php\/10-2022-rox-solo\/\"><span style=\"text-decoration: underline;\">10-2022 Rox solo<\/span><\/a><\/li>\n\n\n\n<li><a href=\"https:\/\/roxpup.fr\/index.php\/11-2022-rox-mark\/\" data-type=\"link\" data-id=\"https:\/\/roxpup.fr\/index.php\/11-2022-rox-mark\/\"><span style=\"text-decoration: underline;\">11-2022 Rox &amp; Mark<\/span><\/a><\/li>\n\n\n\n<li><span style=\"text-decoration: underline;\"><a href=\"https:\/\/roxpup.fr\/index.php\/12-2022-rox-mark-floky\/\" data-type=\"link\" data-id=\"https:\/\/roxpup.fr\/index.php\/12-2022-rox-mark-floky\/\">12-2022 Rox &#8211; Mark &#8211; Floky<\/a><\/span><\/li>\n\n\n\n<li><a href=\"https:\/\/roxpup.fr\/index.php\/12-2022-rox-shooting-best-of\/\" data-type=\"link\" data-id=\"https:\/\/roxpup.fr\/index.php\/12-2022-rox-shooting-best-of\/\"><span style=\"text-decoration: underline;\">12-2022 Rox Shooting Best-of<\/span><\/a><\/li>\n\n\n\n<li><a href=\"https:\/\/roxpup.fr\/index.php\/12-2022-rox-noel\/\" data-type=\"link\" data-id=\"https:\/\/roxpup.fr\/index.php\/12-2022-rox-noel\/\"><span style=\"text-decoration: underline;\">12-2022 Rox no\u00ebl<\/span><\/a> <\/li>\n\n\n\n<li><a href=\"https:\/\/roxpup.fr\/index.php\/12-2022-rox-sous-la-douche\/\" data-type=\"link\" data-id=\"https:\/\/roxpup.fr\/index.php\/12-2022-rox-sous-la-douche\/\"><span style=\"text-decoration: underline;\">12-2022 Rox sous la douche<\/span><\/a> <\/li>\n\n\n\n<li><a href=\"https:\/\/roxpup.fr\/index.php\/01-2023-rox-nouvel-an\/\" data-type=\"link\" data-id=\"https:\/\/roxpup.fr\/index.php\/01-2023-rox-nouvel-an\/\"><span style=\"text-decoration: underline;\">01-2023 Rox Nouvel an<\/span><\/a> <\/li>\n\n\n\n<li><a href=\"https:\/\/roxpup.fr\/index.php\/04-2023-rox-sdouz\/\" data-type=\"link\" data-id=\"https:\/\/roxpup.fr\/index.php\/04-2023-rox-sdouz\/\"><span style=\"text-decoration: underline;\">04-2023 Rox &amp; Sdouz<\/span><\/a> <\/li>\n\n\n\n<li><a href=\"https:\/\/roxpup.fr\/index.php\/04-2023-rox-sous-contraintes\/\" data-type=\"link\" data-id=\"https:\/\/roxpup.fr\/index.php\/04-2023-rox-sous-contraintes\/\"><span style=\"text-decoration: underline;\">04-2023 Rox sous contraintes<\/span><\/a> <\/li>\n\n\n\n<li><a href=\"https:\/\/roxpup.fr\/index.php\/05-2023-rox-doggo\/\" data-type=\"link\" data-id=\"https:\/\/roxpup.fr\/index.php\/05-2023-rox-doggo\/\"><span style=\"text-decoration: underline;\">05-2023 Rox Doggo<\/span><\/a> <\/li>\n\n\n\n<li><a href=\"https:\/\/roxpup.fr\/index.php\/05-2023-rox-sdouz-mark\/\" data-type=\"link\" data-id=\"https:\/\/roxpup.fr\/index.php\/05-2023-rox-sdouz-mark\/\"><span style=\"text-decoration: underline;\">05-2023 Rox &amp; Sdouz &amp; Mark<\/span><\/a> <\/li>\n\n\n\n<li><a href=\"https:\/\/roxpup.fr\/index.php\/05-2023-rox-hades\/\" data-type=\"link\" data-id=\"https:\/\/roxpup.fr\/index.php\/05-2023-rox-hades\/\"><span style=\"text-decoration: underline;\">05-2023 Rox &amp; Hades<\/span><\/a> <\/li>\n\n\n\n<li><a href=\"https:\/\/roxpup.fr\/index.php\/05-2023-rox-singlet\/\" data-type=\"link\" data-id=\"https:\/\/roxpup.fr\/index.php\/05-2023-rox-singlet\/\"><span style=\"text-decoration: underline;\">05-2023 Rox Singlet<\/span><\/a> <\/li>\n\n\n\n<li><a href=\"https:\/\/roxpup.fr\/index.php\/06-2023-pride-paris\/\" data-type=\"link\" data-id=\"https:\/\/roxpup.fr\/index.php\/06-2023-pride-paris\/\"><span style=\"text-decoration: underline;\">06-2023 Pride Paris<\/span><\/a><\/li>\n\n\n\n<li><span style=\"text-decoration: underline;\"><a href=\"https:\/\/roxpup.fr\/index.php\/2023-08-pup-pool-party\/\" data-type=\"link\" data-id=\"https:\/\/roxpup.fr\/index.php\/2023-08-pup-pool-party\/\">08-2023 Pup Pool Part<\/a>y<\/span><\/li>\n\n\n\n<li><a href=\"https:\/\/roxpup.fr\/index.php\/08-2023-rox-breizh-pup\/\" data-type=\"link\" data-id=\"https:\/\/roxpup.fr\/index.php\/08-2023-rox-breizh-pup\/\"><span style=\"text-decoration: underline;\">08-2023 Rox Breizh Pup<\/span><\/a><\/li>\n\n\n\n<li><a href=\"https:\/\/roxpup.fr\/index.php\/08-2023-rox-sportwear\/\" data-type=\"link\" data-id=\"https:\/\/roxpup.fr\/index.php\/08-2023-rox-sportwear\/\"><span style=\"text-decoration: underline;\">08-2023 Rox Sportwear<\/span><\/a><\/li>\n\n\n\n<li><a href=\"https:\/\/roxpup.fr\/index.php\/08-2023-rox-summer-beach\/\" data-type=\"link\" data-id=\"https:\/\/roxpup.fr\/index.php\/08-2023-rox-summer-beach\/\"><span style=\"text-decoration: underline;\">08-2023 Rox Summer Beach<\/span><\/a><\/li>\n\n\n\n<li><a href=\"https:\/\/roxpup.fr\/index.php\/09-2023-pup-pool-party\/\" data-type=\"link\" data-id=\"https:\/\/roxpup.fr\/index.php\/09-2023-pup-pool-party\/\"><span style=\"text-decoration: underline;\">09-2023 Pup Pool Party<\/span><\/a><\/li>\n\n\n\n<li><a href=\"https:\/\/roxpup.fr\/index.php\/10-2023-pup-social-party\/\" data-type=\"link\" data-id=\"https:\/\/roxpup.fr\/index.php\/10-2023-pup-social-party\/\"><span style=\"text-decoration: underline;\">10-2023 Pup Social Party<\/span><\/a><\/li>\n\n\n\n<li><a href=\"https:\/\/roxpup.fr\/index.php\/11-2023-rox-et-huggy\/\" data-type=\"link\" data-id=\"https:\/\/roxpup.fr\/index.php\/11-2023-rox-et-huggy\/\"><span style=\"text-decoration: underline;\">11-2023 Rox et Huggy<\/span><\/a><\/li>\n\n\n\n<li><a href=\"https:\/\/roxpup.fr\/index.php\/11-2023-rox-en-jock\/\" data-type=\"link\" data-id=\"https:\/\/roxpup.fr\/index.php\/11-2023-rox-en-jock\/\"><span style=\"text-decoration: underline;\">11-2023 Rox en jock<\/span><\/a><\/li>\n\n\n\n<li><a href=\"https:\/\/roxpup.fr\/index.php\/11-2023-soiree-entre-pups\/\" data-type=\"link\" data-id=\"https:\/\/roxpup.fr\/index.php\/11-2023-soiree-entre-pups\/\"><span style=\"text-decoration: underline;\">11-2023 Soir\u00e9e entre pups<\/span><\/a><\/li>\n\n\n\n<li><a href=\"https:\/\/roxpup.fr\/index.php\/12-2023-rox-harnais\/\" data-type=\"link\" data-id=\"https:\/\/roxpup.fr\/index.php\/12-2023-rox-harnais\/\"><span style=\"text-decoration: underline;\">12-2023 Rox harnais<\/span><\/a><\/li>\n\n\n\n<li><a href=\"https:\/\/roxpup.fr\/index.php\/01-2024-rox-spirou-spiki\/\" data-type=\"link\" data-id=\"https:\/\/roxpup.fr\/index.php\/01-2024-rox-spirou-spiki\/\"><span style=\"text-decoration: underline;\">01-2024 Rox &amp; Spirou &amp; Spiki<\/span><\/a> <\/li>\n\n\n\n<li><a href=\"https:\/\/roxpup.fr\/index.php\/01-2024-chandeleur\/\" data-type=\"link\" data-id=\"https:\/\/roxpup.fr\/index.php\/01-2024-chandeleur\/\"><span style=\"text-decoration: underline;\">01-2024 Chandeleur<\/span><\/a><\/li>\n\n\n\n<li><a href=\"https:\/\/roxpup.fr\/index.php\/02-2024-darklands\/\" data-type=\"link\" data-id=\"https:\/\/roxpup.fr\/index.php\/02-2024-darklands\/\"><span style=\"text-decoration: underline;\">02-2024 DarkLands<\/span><\/a><\/li>\n\n\n\n<li><a href=\"https:\/\/roxpup.fr\/index.php\/03-2024-rox-laventurier\/\" data-type=\"link\" data-id=\"https:\/\/roxpup.fr\/index.php\/03-2024-rox-laventurier\/\"><span style=\"text-decoration: underline;\">03-2024 Rox l&rsquo;aventurier<\/span><\/a><\/li>\n\n\n\n<li><a href=\"https:\/\/roxpup.fr\/index.php\/04-2024-apero-fetish-lyon\/\" data-type=\"link\" data-id=\"https:\/\/roxpup.fr\/index.php\/04-2024-apero-fetish-lyon\/\"><span style=\"text-decoration: underline;\">04-2024 Ap\u00e9ro Fetish Lyon<\/span><\/a><\/li>\n\n\n\n<li><a href=\"https:\/\/roxpup.fr\/index.php\/05-2024-playx\/\" data-type=\"link\" data-id=\"https:\/\/roxpup.fr\/index.php\/05-2024-playx\/\"><span style=\"text-decoration: underline;\">05-2024 PlayX<\/span><\/a><\/li>\n\n\n\n<li><a href=\"https:\/\/roxpup.fr\/index.php\/06-2024-pride-de-rennes\/\" data-type=\"link\" data-id=\"https:\/\/roxpup.fr\/index.php\/06-2024-pride-de-rennes\/\"><span style=\"text-decoration: underline;\">06-2024 Pride de Rennes<\/span><\/a><\/li>\n\n\n\n<li><span style=\"text-decoration: underline;\"><a href=\"https:\/\/roxpup.fr\/index.php\/06-2024-pride-paris\/\" data-type=\"link\" data-id=\"https:\/\/roxpup.fr\/index.php\/06-2024-pride-paris\/\">06-2024 Pride Paris<\/a><\/span><\/li>\n\n\n\n<li><a href=\"https:\/\/roxpup.fr\/index.php\/07-2024-medaille-de-rox\/\" data-type=\"link\" data-id=\"https:\/\/roxpup.fr\/index.php\/07-2024-medaille-de-rox\/\"><span style=\"text-decoration: underline;\">07-2024 M\u00e9daille de Rox<\/span><\/a><\/li>\n\n\n\n<li><a href=\"https:\/\/roxpup.fr\/index.php\/09-2024-apero-inter-asso\/\" data-type=\"link\" data-id=\"https:\/\/roxpup.fr\/index.php\/09-2024-apero-inter-asso\/\"><span style=\"text-decoration: underline;\">09-2024 Apero Inter-asso<\/span><\/a> <\/li>\n\n\n\n<li><a href=\"https:\/\/roxpup.fr\/index.php\/09-2024-pupnight-sept24\/\" data-type=\"page\" data-id=\"873\"><span style=\"text-decoration: underline;\">09-2024 PupNight Sept24<\/span><\/a> <\/li>\n\n\n\n<li><a href=\"https:\/\/roxpup.fr\/index.php\/10-2024-rox-en-jock\/\" data-type=\"link\" data-id=\"https:\/\/roxpup.fr\/index.php\/10-2024-rox-en-jock\/\"><span style=\"text-decoration: underline;\">10-2024 Rox en jock<\/span><\/a> <\/li>\n\n\n\n<li><a href=\"https:\/\/roxpup.fr\/index.php\/10-2024-pupnight-oct24\/\" data-type=\"link\" data-id=\"https:\/\/roxpup.fr\/index.php\/10-2024-pupnight-oct24\/\"><span style=\"text-decoration: underline;\">10-2024 PupNight Oct24<\/span><\/a> <\/li>\n\n\n\n<li><a href=\"https:\/\/roxpup.fr\/index.php\/11-2024-tied-up-lyon\/\" data-type=\"link\" data-id=\"https:\/\/roxpup.fr\/index.php\/11-2024-tied-up-lyon\/\"><span style=\"text-decoration: underline;\">11-2024 Tied Up Lyon<\/span><\/a> <\/li>\n\n\n\n<li><a href=\"https:\/\/roxpup.fr\/index.php\/11-2024-pupnight-nov24\/\" data-type=\"link\" data-id=\"https:\/\/roxpup.fr\/index.php\/11-2024-pupnight-nov24\/\"><span style=\"text-decoration: underline;\">11-2024 PupNight Nov24<\/span><\/a> <\/li>\n\n\n\n<li><a href=\"https:\/\/roxpup.fr\/index.php\/01-2025-meet-gear-2\/\" data-type=\"link\" data-id=\"https:\/\/roxpup.fr\/index.php\/01-2025-meet-gear-2\/\"><span style=\"text-decoration: underline;\">01-2025 Meet &amp; Gear 2<\/span><\/a><\/li>\n\n\n\n<li><a href=\"https:\/\/roxpup.fr\/index.php\/01-2025-pup-rennes\/\" data-type=\"link\" data-id=\"https:\/\/roxpup.fr\/index.php\/01-2025-pup-rennes\/\"><span style=\"text-decoration: underline;\">01-2025 Pup Rennes<\/span><\/a> <\/li>\n\n\n\n<li><a href=\"https:\/\/roxpup.fr\/index.php\/02-2025-darkland\/\" data-type=\"link\" data-id=\"https:\/\/roxpup.fr\/index.php\/02-2025-darkland\/\"><span style=\"text-decoration: underline;\">02-2025 Darkland<\/span><\/a> <\/li>\n\n\n\n<li><a href=\"https:\/\/roxpup.fr\/index.php\/02-2025-rox-singlet\/\" data-type=\"link\" data-id=\"https:\/\/roxpup.fr\/index.php\/02-2025-rox-singlet\/\"><span style=\"text-decoration: underline;\">02-2025 Rox Singlet<\/span><\/a> <\/li>\n\n\n\n<li><a href=\"https:\/\/roxpup.fr\/index.php\/03-2025-pupnight\/\" data-type=\"link\" data-id=\"https:\/\/roxpup.fr\/index.php\/03-2025-pupnight\/\"><span style=\"text-decoration: underline;\">03-2025 PupNight<\/span><\/a> <\/li>\n\n\n\n<li><a href=\"https:\/\/roxpup.fr\/index.php\/04-2025-interview-de-rox\/\" data-type=\"link\" data-id=\"https:\/\/roxpup.fr\/index.php\/04-2025-interview-de-rox\/\"><span style=\"text-decoration: underline;\">04-2025 Interview de Rox<\/span><\/a> <\/li>\n\n\n\n<li><a href=\"https:\/\/roxpup.fr\/index.php\/04-2025-pupnight\/\" data-type=\"link\" data-id=\"https:\/\/roxpup.fr\/index.php\/04-2025-pupnight\/\"><span style=\"text-decoration: underline;\">04-2025 PupNight<\/span><\/a> <\/li>\n\n\n\n<li><a href=\"https:\/\/roxpup.fr\/index.php\/04-2025-rox-et-pawl\/\" data-type=\"link\" data-id=\"https:\/\/roxpup.fr\/index.php\/04-2025-rox-et-pawl\/\"><span style=\"text-decoration: underline;\">04-2025 Rox et Pawl<\/span><\/a> <\/li>\n\n\n\n<li><a href=\"https:\/\/roxpup.fr\/index.php\/06-2025-playx\/\" data-type=\"link\" data-id=\"https:\/\/roxpup.fr\/index.php\/06-2025-playx\/\"><span style=\"text-decoration: underline;\">06-2025 PlayX<\/span><\/a> <\/li>\n\n\n\n<li><a href=\"https:\/\/roxpup.fr\/index.php\/06-2025-rox-kiffeur\/\" data-type=\"link\" data-id=\"https:\/\/roxpup.fr\/index.php\/06-2025-rox-kiffeur\/\"><span style=\"text-decoration: underline;\">06-2025 Rox Kiffeur<\/span><\/a> <\/li>\n\n\n\n<li><a href=\"https:\/\/roxpup.fr\/index.php\/06-2025-roxpop-ia\/\" data-type=\"link\" data-id=\"https:\/\/roxpup.fr\/index.php\/06-2025-roxpop-ia\/\"><span style=\"text-decoration: underline;\">06-2025 RoxPop (IA)<\/span><\/a> <\/li>\n\n\n\n<li><a href=\"https:\/\/roxpup.fr\/index.php\/07-2025-pupnight\/\" data-type=\"link\" data-id=\"https:\/\/roxpup.fr\/index.php\/07-2025-pupnight\/\"><span style=\"text-decoration: underline;\">07-2025 PupNight<\/span><\/a> <\/li>\n\n\n\n<li><a href=\"https:\/\/roxpup.fr\/index.php\/08-2025-rox-en-vacances\/\" data-type=\"link\" data-id=\"https:\/\/roxpup.fr\/index.php\/08-2025-rox-en-vacances\/\"><span style=\"text-decoration: underline;\">08-2025 Rox en vacances<\/span><\/a> <strong><mark style=\"background-color:rgba(0, 0, 0, 0)\" class=\"has-inline-color has-raft-accent-secondary-color\">NEW<\/mark><\/strong><\/li>\n\n\n\n<li><a href=\"https:\/\/roxpup.fr\/index.php\/09-2025-pupnight\/\" data-type=\"link\" data-id=\"https:\/\/roxpup.fr\/index.php\/09-2025-pupnight\/\"><span style=\"text-decoration: underline;\">09-2025 PupNight<\/span><\/a> <strong><mark style=\"background-color:rgba(0, 0, 0, 0)\" class=\"has-inline-color has-raft-accent-secondary-color\">NEW<\/mark><\/strong><\/li>\n\n\n\n<li><a href=\"https:\/\/roxpup.fr\/index.php\/10-2025-meet-gear-5\/\" data-type=\"link\" data-id=\"https:\/\/roxpup.fr\/index.php\/10-2025-meet-gear-5\/\"><span style=\"text-decoration: underline;\">10-2025 Meet &amp; Gear 5<\/span><\/a> <strong><mark style=\"background-color:rgba(0, 0, 0, 0)\" class=\"has-inline-color has-raft-accent-secondary-color\">NEW<\/mark><\/strong><\/li>\n\n\n\n<li><a href=\"https:\/\/roxpup.fr\/index.php\/11-2025-pupnight\/\" data-type=\"link\" data-id=\"https:\/\/roxpup.fr\/index.php\/11-2025-pupnight\/\"><span style=\"text-decoration: underline;\">11-2025 PupNight<\/span><\/a> <strong><mark style=\"background-color:rgba(0, 0, 0, 0)\" class=\"has-inline-color has-raft-accent-secondary-color\">NEW<\/mark><\/strong><\/li>\n\n\n\n<li><a href=\"https:\/\/roxpup.fr\/index.php\/11-2025-tiedup-lyon\/\" data-type=\"link\" data-id=\"https:\/\/roxpup.fr\/index.php\/11-2025-tiedup-lyon\/\"><span style=\"text-decoration: underline;\">11-2025 TiedUp Lyon<\/span><\/a> <strong><mark style=\"background-color:rgba(0, 0, 0, 0)\" class=\"has-inline-color has-raft-accent-secondary-color\">NEW<\/mark><\/strong><\/li>\n\n\n\n<li><a href=\"https:\/\/roxpup.fr\/index.php\/12-2025-rox-a-noel\/\" data-type=\"link\" data-id=\"https:\/\/roxpup.fr\/index.php\/12-2025-rox-a-noel\/\"><span style=\"text-decoration: underline;\">12-2025 Rox \u00e0 No\u00ebl<\/span><\/a> <strong><mark style=\"background-color:rgba(0, 0, 0, 0)\" class=\"has-inline-color has-raft-accent-secondary-color\">NEW<\/mark><\/strong><\/li>\n\n\n\n<li><a href=\"https:\/\/roxpup.fr\/index.php\/01-2026-meet-gear-6\/\" data-type=\"link\" data-id=\"https:\/\/roxpup.fr\/index.php\/01-2026-meet-gear-6\/\"><span style=\"text-decoration: underline;\">01-2026 Meet &amp; Gear 6<\/span><\/a> <strong><mark style=\"background-color:rgba(0, 0, 0, 0)\" class=\"has-inline-color has-raft-accent-secondary-color\">NEW<\/mark><\/strong><\/li>\n\n\n\n<li><a href=\"https:\/\/roxpup.fr\/index.php\/01-2026-rox-mode-lapin\/\" data-type=\"link\" data-id=\"https:\/\/roxpup.fr\/index.php\/01-2026-rox-mode-lapin\/\"><span style=\"text-decoration: underline;\">01-2026 Rox mode lapin<\/span><\/a> <strong><mark style=\"background-color:rgba(0, 0, 0, 0)\" class=\"has-inline-color has-raft-accent-secondary-color\">NEW<\/mark><\/strong><\/li>\n\n\n\n<li><a href=\"https:\/\/roxpup.fr\/index.php\/01-2026-rox-en-sous-vetements\/\" data-type=\"link\" data-id=\"https:\/\/roxpup.fr\/index.php\/01-2026-rox-en-sous-vetements\/\"><span style=\"text-decoration: underline;\">01-2026 Rox en sous-v\u00eatements<\/span><\/a> <strong><mark style=\"background-color:rgba(0, 0, 0, 0)\" class=\"has-inline-color has-raft-accent-secondary-color\">NEW<\/mark><\/strong><\/li>\n<\/ul>\n\n\n\n<p><\/p>\n","protected":false},"excerpt":{"rendered":"<p>Vous trouverez ci-dessous les collections de photos de Rox.Seuls ou accompagn\u00e9s, n&rsquo;h\u00e9sitez pas \u00e0 lui envoyer un MP sur Instagram pour programmer une s\u00e9ance photo avec lui.<\/p>\n","protected":false},"author":1,"featured_media":0,"parent":0,"menu_order":0,"comment_status":"closed","ping_status":"closed","template":"","meta":{"_themeisle_gutenberg_block_has_review":false,"footnotes":""},"class_list":["post-183","page","type-page","status-publish","hentry"],"_links":{"self":[{"href":"https:\/\/roxpup.fr\/index.php\/wp-json\/wp\/v2\/pages\/183","targetHints":{"allow":["GET"]}}],"collection":[{"href":"https:\/\/roxpup.fr\/index.php\/wp-json\/wp\/v2\/pages"}],"about":[{"href":"https:\/\/roxpup.fr\/index.php\/wp-json\/wp\/v2\/types\/page"}],"author":[{"embeddable":true,"href":"https:\/\/roxpup.fr\/index.php\/wp-json\/wp\/v2\/users\/1"}],"replies":[{"embeddable":true,"href":"https:\/\/roxpup.fr\/index.php\/wp-json\/wp\/v2\/comments?post=183"}],"version-history":[{"count":77,"href":"https:\/\/roxpup.fr\/index.php\/wp-json\/wp\/v2\/pages\/183\/revisions"}],"predecessor-version":[{"id":2176,"href":"https:\/\/roxpup.fr\/index.php\/wp-json\/wp\/v2\/pages\/183\/revisions\/2176"}],"wp:attachment":[{"href":"https:\/\/roxpup.fr\/index.php\/wp-json\/wp\/v2\/media?parent=183"}],"curies":[{"name":"wp","href":"https:\/\/api.w.org\/{rel}","templated":true}]}}