{"id":640,"date":"2024-09-30T16:27:56","date_gmt":"2024-09-30T14:27:56","guid":{"rendered":"https:\/\/roxpup.fr\/?page_id=640"},"modified":"2024-09-30T16:34:21","modified_gmt":"2024-09-30T14:34:21","slug":"histoires-erotiques","status":"publish","type":"page","link":"https:\/\/roxpup.fr\/index.php\/histoires-erotiques\/","title":{"rendered":"Histoires \u00e9rotiques"},"content":{"rendered":"\n<p class=\"has-raft-accent-secondary-color has-text-color has-link-color wp-elements-ba38e2b534a317f19b97b32222832826\"><strong><em>L&rsquo;acc\u00e8s aux histoires \u00e9rotiques est destin\u00e9 aux adultes.<\/em><\/strong><br><br>Ce lien web contient du mat\u00e9riel avec des restrictions d&rsquo;\u00e2ge, y compris de la nudit\u00e9 et des repr\u00e9sentations explicites de l&rsquo;activit\u00e9 sexuelle. En continuant, vous affirmez que vous avez au moins 18 ans ou l&rsquo;\u00e2ge de la majorit\u00e9 dans la juridiction \u00e0 partir de laquelle vous acc\u00e9dez au site Web et que vous consentez \u00e0 visionner du contenu sexuel explicite.<\/p>\n\n\n\n<div class=\"wp-block-buttons is-layout-flex wp-block-buttons-is-layout-flex\">\n<div class=\"wp-block-button\"><a class=\"wp-block-button__link wp-element-button\" href=\"https:\/\/roxpup.fr\/index.php\/liste-histoires-erotiques\/\">J&rsquo;ai 18 ans ou plus &#8211; Entrer<\/a><\/div>\n\n\n\n<div class=\"wp-block-button is-style-outline is-style-outline--1\"><a class=\"wp-block-button__link wp-element-button\" href=\"https:\/\/roxpup.fr\">J&rsquo;ai moins de 18 ans &#8211; Sortir<\/a><\/div>\n<\/div>\n\n\n\n<p><\/p>\n\n\n\n<p><\/p>\n\n\n\n<p><\/p>\n","protected":false},"excerpt":{"rendered":"<p>L&rsquo;acc\u00e8s aux histoires \u00e9rotiques est destin\u00e9 aux adultes. Ce lien web contient du mat\u00e9riel avec des restrictions d&rsquo;\u00e2ge, y compris de la nudit\u00e9 et des repr\u00e9sentations explicites de l&rsquo;activit\u00e9 sexuelle. En continuant, vous affirmez que vous avez au moins 18 ans ou l&rsquo;\u00e2ge de la majorit\u00e9 dans la juridiction \u00e0 partir de laquelle vous acc\u00e9dez [&hellip;]<\/p>\n","protected":false},"author":1,"featured_media":0,"parent":0,"menu_order":0,"comment_status":"closed","ping_status":"closed","template":"","meta":{"_themeisle_gutenberg_block_has_review":false,"footnotes":""},"class_list":["post-640","page","type-page","status-publish","hentry"],"_links":{"self":[{"href":"https:\/\/roxpup.fr\/index.php\/wp-json\/wp\/v2\/pages\/640","targetHints":{"allow":["GET"]}}],"collection":[{"href":"https:\/\/roxpup.fr\/index.php\/wp-json\/wp\/v2\/pages"}],"about":[{"href":"https:\/\/roxpup.fr\/index.php\/wp-json\/wp\/v2\/types\/page"}],"author":[{"embeddable":true,"href":"https:\/\/roxpup.fr\/index.php\/wp-json\/wp\/v2\/users\/1"}],"replies":[{"embeddable":true,"href":"https:\/\/roxpup.fr\/index.php\/wp-json\/wp\/v2\/comments?post=640"}],"version-history":[{"count":2,"href":"https:\/\/roxpup.fr\/index.php\/wp-json\/wp\/v2\/pages\/640\/revisions"}],"predecessor-version":[{"id":651,"href":"https:\/\/roxpup.fr\/index.php\/wp-json\/wp\/v2\/pages\/640\/revisions\/651"}],"wp:attachment":[{"href":"https:\/\/roxpup.fr\/index.php\/wp-json\/wp\/v2\/media?parent=640"}],"curies":[{"name":"wp","href":"https:\/\/api.w.org\/{rel}","templated":true}]}}